{"id":154,"date":"2023-08-07T01:10:34","date_gmt":"2023-08-06T18:10:34","guid":{"rendered":"http:\/\/ductinstore.vn\/?post_type=product&#038;p=154"},"modified":"2023-08-07T01:13:07","modified_gmt":"2023-08-06T18:13:07","slug":"asus-gaming-rog-strix-g15-g513ih-hn015w","status":"publish","type":"product","link":"https:\/\/ductinstore.com\/?product=asus-gaming-rog-strix-g15-g513ih-hn015w","title":{"rendered":"Asus Gaming Rog Strix G15 G513IH HN015W"},"content":{"rendered":"<h2 class=\"ksp-title has-text-centered\">\u0110\u1eb6C \u0110I\u1ec2M N\u1ed4I B\u1eacT<\/h2>\n<div>\n<ul>\n<li>&#8220;Chip R7-4800H c\u00f9ng card \u0111\u1ed3 h\u1ecda r\u1eddi Geforce GTX 1650 cho kh\u1ea3 n\u0103ng chi\u1ebfn c\u00e1c t\u1ef1a game n\u1eb7ng, ch\u1ec9nh s\u1eeda h\u00ecnh \u1ea3nh tr\u00ean PTS, Render video ng\u1eafn m\u01b0\u1ee3t m\u00e0<\/li>\n<li>Ram 8GB + 1 khe, n\u00e2ng c\u1ea5p t\u1ed1i \u0111a 32GB c\u00f9ng \u1ed5 c\u1ee9ng SSD c\u00f3 kh\u00f4ng gian l\u01b0u tr\u1eef l\u00ean t\u1edbi 512GB cho t\u1ed1c \u0111\u1ed9 x\u1eed l\u00fd m\u01b0\u1ee3t m\u00e0, nhanh ch\u00f3ng, kh\u00f4ng lo gi\u1eadt lag<\/li>\n<li>M\u00e0n h\u00ecnh 15.6 inches tr\u00ean t\u1ea5m n\u1ec1n IPS v\u1edbi \u0111\u1ed9 ph\u00e2n gi\u1ea3i Full HD c\u00f9ng t\u1ea7n s\u1ed1 144Hz cho tr\u1ea3i nghi\u1ec7m h\u00ecnh \u1ea3nh, m\u00e0u s\u1eafc ch\u00e2n th\u1ef1c, sinh \u0111\u1ed9ng<\/li>\n<li>\u0110a d\u1ea1ng c\u1ed5ng giao ti\u1ebfp, d\u1ec5 d\u00e0ng s\u1eed d\u1ee5ng<\/li>\n<li>Tr\u1ecdng l\u01b0\u1ee3ng 2.1 kg thu\u1eadn ti\u1ec7n cho di chuy\u1ec3n v\u00e0 mang theo<\/li>\n<li>M\u00e1y \u0111i k\u00e8m Windows 11 SL b\u1ea3n quy\u1ec1n<\/li>\n<\/ul>\n<\/div>\n","protected":false},"excerpt":{"rendered":"<p>\u0110\u1eb6C \u0110I\u1ec2M N\u1ed4I B\u1eacT &#8220;Chip R7-4800H c\u00f9ng card \u0111\u1ed3 h\u1ecda r\u1eddi Geforce GTX 1650 cho kh\u1ea3 n\u0103ng chi\u1ebfn c\u00e1c t\u1ef1a game n\u1eb7ng, ch\u1ec9nh s\u1eeda h\u00ecnh \u1ea3nh tr\u00ean PTS, Render video ng\u1eafn m\u01b0\u1ee3t m\u00e0 Ram 8GB + 1 khe, n\u00e2ng c\u1ea5p t\u1ed1i \u0111a 32GB c\u00f9ng \u1ed5 c\u1ee9ng SSD c\u00f3 kh\u00f4ng gian l\u01b0u tr\u1eef l\u00ean t\u1edbi 512GB [&#8230;]\n","protected":false},"featured_media":158,"comment_status":"open","ping_status":"closed","template":"","meta":[],"product_brand":[],"product_cat":[17],"product_tag":[],"class_list":{"0":"post-154","1":"product","2":"type-product","3":"status-publish","4":"has-post-thumbnail","6":"product_cat-laptop","8":"first","9":"instock","10":"shipping-taxable","11":"purchasable","12":"product-type-simple"},"_links":{"self":[{"href":"https:\/\/ductinstore.com\/index.php?rest_route=\/wp\/v2\/product\/154","targetHints":{"allow":["GET"]}}],"collection":[{"href":"https:\/\/ductinstore.com\/index.php?rest_route=\/wp\/v2\/product"}],"about":[{"href":"https:\/\/ductinstore.com\/index.php?rest_route=\/wp\/v2\/types\/product"}],"replies":[{"embeddable":true,"href":"https:\/\/ductinstore.com\/index.php?rest_route=%2Fwp%2Fv2%2Fcomments&post=154"}],"wp:featuredmedia":[{"embeddable":true,"href":"https:\/\/ductinstore.com\/index.php?rest_route=\/wp\/v2\/media\/158"}],"wp:attachment":[{"href":"https:\/\/ductinstore.com\/index.php?rest_route=%2Fwp%2Fv2%2Fmedia&parent=154"}],"wp:term":[{"taxonomy":"product_brand","embeddable":true,"href":"https:\/\/ductinstore.com\/index.php?rest_route=%2Fwp%2Fv2%2Fproduct_brand&post=154"},{"taxonomy":"product_cat","embeddable":true,"href":"https:\/\/ductinstore.com\/index.php?rest_route=%2Fwp%2Fv2%2Fproduct_cat&post=154"},{"taxonomy":"product_tag","embeddable":true,"href":"https:\/\/ductinstore.com\/index.php?rest_route=%2Fwp%2Fv2%2Fproduct_tag&post=154"}],"curies":[{"name":"wp","href":"https:\/\/api.w.org\/{rel}","templated":true}]}}