{"id":153,"date":"2023-08-07T01:09:29","date_gmt":"2023-08-06T18:09:29","guid":{"rendered":"http:\/\/ductinstore.vn\/?post_type=product&#038;p=153"},"modified":"2023-08-07T01:15:54","modified_gmt":"2023-08-06T18:15:54","slug":"ipad-gen-10-10-9-inch-wifi-256gb-sao-chep","status":"publish","type":"product","link":"https:\/\/ductinstore.com\/?product=ipad-gen-10-10-9-inch-wifi-256gb-sao-chep","title":{"rendered":"Lenovo Ideapad Gaming 3 15ARH7"},"content":{"rendered":"<h2 class=\"ksp-title has-text-centered\">\u0110\u1eb6C \u0110I\u1ec2M N\u1ed4I B\u1eacT<\/h2>\n<div>\n<ul>\n<li>C\u1ea5u h\u00ecnh ch\u01a1i game v\u00e0 \u0111\u1ed3 h\u1ecda \u0111\u1ec9nh cao, c\u00e2n m\u1ecdi t\u1ef1a game R5-6600H c\u00f9ng card r\u1eddi RTX 3050. C\u00f3 kh\u1ea3 n\u0103ng ch\u1ec9nh s\u1eeda h\u00ecnh \u1ea3nh tr\u00ean PTS, Render video ng\u1eafn m\u01b0\u1ee3t m\u00e0.<\/li>\n<li>Ram 8GB + 1 khe tr\u1ed1ng, \u1ed5 c\u1ee9ng SSD 512GB mang \u0111\u1ebfn t\u1ed1c \u0111\u1ed9 x\u1eed l\u00fd nhanh c\u00f9ng \u0111a nhi\u1ec7m m\u01b0\u1ee3t m\u00e0.<\/li>\n<li>M\u00e0n h\u00ecnh Full HD, t\u1ea5m n\u1ec1n IPS, t\u1ea7n s\u1ed1 qu\u00e9t 120Hz, k\u00edch th\u01b0\u1edbc chu\u1ea9n 15.6 inch, kh\u00f4ng lo gi\u1eadt lag trong qu\u00e1 tr\u00ecnh chi\u1ebfn game.<\/li>\n<li>T\u00edch h\u1ee3p webcam 720p cho ph\u00e9p \u0111\u00e0m tho\u1ea1i th\u00f4ng qua video tho\u1ea3i m\u00e1i.<\/li>\n<li>B\u00e0n ph\u00edm \u0111\u01b0\u1ee3c t\u00edch h\u1ee3p \u0111\u00e8n 4-Zone RGB Backlit &#8211; Th\u1ecfa s\u1ee9c l\u00e0m vi\u1ec7c trong m\u00f4i tr\u01b0\u1eddng thi\u1ebfu s\u00e1ng.<\/li>\n<li>N\u0103ng l\u01b0\u1ee3ng b\u1ea5t t\u1eadn c\u1ea3 ng\u00e0y v\u1edbi vi\u00ean pin 3 Cell, 60Wh.<\/li>\n<li>Thi\u1ebft k\u1ebf v\u1ecf nh\u1ef1a c\u1ee9ng c\u00e1p, n\u1eb7ng 2.315 kg c\u1ea7m ch\u1eafc tay.<\/li>\n<li>M\u00e1y \u0111i k\u00e8m Windows 11 b\u1ea3n quy\u1ec1n<\/li>\n<\/ul>\n<\/div>\n","protected":false},"excerpt":{"rendered":"<p>\u0110\u1eb6C \u0110I\u1ec2M N\u1ed4I B\u1eacT C\u1ea5u h\u00ecnh ch\u01a1i game v\u00e0 \u0111\u1ed3 h\u1ecda \u0111\u1ec9nh cao, c\u00e2n m\u1ecdi t\u1ef1a game R5-6600H c\u00f9ng card r\u1eddi RTX 3050. C\u00f3 kh\u1ea3 n\u0103ng ch\u1ec9nh s\u1eeda h\u00ecnh \u1ea3nh tr\u00ean PTS, Render video ng\u1eafn m\u01b0\u1ee3t m\u00e0. Ram 8GB + 1 khe tr\u1ed1ng, \u1ed5 c\u1ee9ng SSD 512GB mang \u0111\u1ebfn t\u1ed1c \u0111\u1ed9 x\u1eed l\u00fd nhanh c\u00f9ng [&#8230;]\n","protected":false},"featured_media":163,"comment_status":"open","ping_status":"closed","template":"","meta":[],"product_brand":[],"product_cat":[17],"product_tag":[],"class_list":{"0":"post-153","1":"product","2":"type-product","3":"status-publish","4":"has-post-thumbnail","6":"product_cat-laptop","8":"first","9":"instock","10":"shipping-taxable","11":"purchasable","12":"product-type-simple"},"_links":{"self":[{"href":"https:\/\/ductinstore.com\/index.php?rest_route=\/wp\/v2\/product\/153","targetHints":{"allow":["GET"]}}],"collection":[{"href":"https:\/\/ductinstore.com\/index.php?rest_route=\/wp\/v2\/product"}],"about":[{"href":"https:\/\/ductinstore.com\/index.php?rest_route=\/wp\/v2\/types\/product"}],"replies":[{"embeddable":true,"href":"https:\/\/ductinstore.com\/index.php?rest_route=%2Fwp%2Fv2%2Fcomments&post=153"}],"wp:featuredmedia":[{"embeddable":true,"href":"https:\/\/ductinstore.com\/index.php?rest_route=\/wp\/v2\/media\/163"}],"wp:attachment":[{"href":"https:\/\/ductinstore.com\/index.php?rest_route=%2Fwp%2Fv2%2Fmedia&parent=153"}],"wp:term":[{"taxonomy":"product_brand","embeddable":true,"href":"https:\/\/ductinstore.com\/index.php?rest_route=%2Fwp%2Fv2%2Fproduct_brand&post=153"},{"taxonomy":"product_cat","embeddable":true,"href":"https:\/\/ductinstore.com\/index.php?rest_route=%2Fwp%2Fv2%2Fproduct_cat&post=153"},{"taxonomy":"product_tag","embeddable":true,"href":"https:\/\/ductinstore.com\/index.php?rest_route=%2Fwp%2Fv2%2Fproduct_tag&post=153"}],"curies":[{"name":"wp","href":"https:\/\/api.w.org\/{rel}","templated":true}]}}