{"id":140,"date":"2023-08-07T01:02:33","date_gmt":"2023-08-06T18:02:33","guid":{"rendered":"http:\/\/ductinstore.vn\/?post_type=product&#038;p=140"},"modified":"2025-12-19T06:20:36","modified_gmt":"2025-12-18T23:20:36","slug":"apple-watch-se-2022-40mm","status":"publish","type":"product","link":"https:\/\/ductinstore.com\/?product=apple-watch-se-2022-40mm","title":{"rendered":"Apple Watch SE 2022 40mm"},"content":{"rendered":"<h2><strong>So s\u00e1nh \u0111\u1ed3ng h\u1ed3\u00a0Apple Watch SE 2022 v\u1edbi\u00a0 Apple Watch SE<\/strong><\/h2>\n<p>C\u00f9ng l\u00e0 m\u1eabu \u0111\u1ed3ng h\u1ed3 th\u00f4ng minh Apple t\u1ea7m trung, v\u1eady phi\u00ean b\u1ea3n SE 2022 c\u00f3 g\u00ec kh\u00e1c bi\u1ec7t so v\u1edbi\u00a0Apple Watch SE \u0111\u1eddi \u0111\u1ea7u, h\u00e3y c\u00f9ng t\u00ecm hi\u1ec3u chi ti\u1ebft sau \u0111\u00e2y:<\/p>\n<table class=\"table table-bordered\" border=\"0\">\n<tbody>\n<tr class=\"info\">\n<td><\/td>\n<td><strong>Apple Watch SE 2022<\/strong><\/td>\n<td><strong>Apple Watch SE<\/strong><\/td>\n<\/tr>\n<tr>\n<td><strong>M\u00e0n h\u00ecnh<\/strong><\/td>\n<td>Retina LTPO OLED (1.000 nits)<\/td>\n<td>LTPO OLED display (1000 nits)<\/td>\n<\/tr>\n<tr>\n<td><strong>\u0110\u1ed9 ph\u00e2n gi\u1ea3i<\/strong><\/td>\n<td>324 x 394 pixels<\/td>\n<td>324 x 394 pixels<\/td>\n<\/tr>\n<tr>\n<td>Tr\u1ecdng l\u01b0\u1ee3ng<\/td>\n<td>32,9g<\/td>\n<td>36.4 g<\/td>\n<\/tr>\n<tr>\n<td>B\u1ed9 nh\u1edb trong<\/td>\n<td>32 GB<\/td>\n<td>32 GB<\/td>\n<\/tr>\n<tr>\n<td>Th\u1eddi l\u01b0\u1ee3ng pin<\/td>\n<td>Pin Lithium-ion s\u1eed d\u1ee5ng \u0111\u1ebfn 18 gi\u1edd<\/td>\n<td>Pin Lithium-ion s\u1eed d\u1ee5ng \u0111\u1ebfn 18 gi\u1edd<\/td>\n<\/tr>\n<tr>\n<td>T\u00ednh n\u0103ng<\/td>\n<td>\u0110\u1ecbnh v\u1ecb GPS<\/p>\n<p>C\u00e0i \u1ee9ng d\u1ee5ng<\/td>\n<td>\u0110\u1ecbnh v\u1ecb GPS<\/td>\n<\/tr>\n<tr>\n<td>Chipset<\/td>\n<td>Apple S8 SiP<\/td>\n<td>Apple S5<\/td>\n<\/tr>\n<tr>\n<td><strong>Ti\u1ec7n \u00edch s\u1ee9c kh\u1ecfe<\/strong><\/td>\n<td>Ph\u00e1t hi\u1ec7n t\u00e9 ng\u00e3<\/p>\n<p>Ph\u00e1t hi\u1ec7n tai n\u1ea1n<\/p>\n<p>Theo d\u00f5i gi\u1ea5c ng\u1ee7<\/p>\n<p>\u0110o nh\u1ecbp tim<\/p>\n<p>\u0110\u1ebfm b\u01b0\u1edbc ch\u00e2n<\/p>\n<p>T\u00ednh calo ti\u00eau th\u1ee5<\/p>\n<p>\u0110o m\u1ee9c \u0111\u1ed9 stress<\/td>\n<td>Ph\u00e1t hi\u1ec7n t\u00e9 ng\u00e3<\/p>\n<p>Theo d\u00f5i gi\u1ea5c ng\u1ee7<\/p>\n<p>\u0110o nh\u1ecbp tim<\/p>\n<p>\u0110\u1ebfm s\u1ed1 b\u01b0\u1edbc ch\u00e2n<\/p>\n<p>Ch\u1ebf \u0111\u1ed9 luy\u1ec7n t\u1eadp<\/td>\n<\/tr>\n<tr>\n<td><strong>M\u00e0u s\u1eafc<\/strong><\/td>\n<td>X\u00e1m, B\u1ea1c v\u00e0 H\u1ed3ng nh\u1ea1t<\/td>\n<td>B\u1ea1c, X\u00e1m kh\u00f4ng gian v\u00e0 V\u00e0ng<\/td>\n<\/tr>\n<\/tbody>\n<\/table>\n","protected":false},"excerpt":{"rendered":"<p>So s\u00e1nh \u0111\u1ed3ng h\u1ed3\u00a0Apple Watch SE 2022 v\u1edbi\u00a0 Apple Watch SE C\u00f9ng l\u00e0 m\u1eabu \u0111\u1ed3ng h\u1ed3 th\u00f4ng minh Apple t\u1ea7m trung, v\u1eady phi\u00ean b\u1ea3n SE 2022 c\u00f3 g\u00ec kh\u00e1c bi\u1ec7t so v\u1edbi\u00a0Apple Watch SE \u0111\u1eddi \u0111\u1ea7u, h\u00e3y c\u00f9ng t\u00ecm hi\u1ec3u chi ti\u1ebft sau \u0111\u00e2y: Apple Watch SE 2022 Apple Watch SE M\u00e0n h\u00ecnh Retina LTPO [&#8230;]\n","protected":false},"featured_media":144,"comment_status":"open","ping_status":"closed","template":"","meta":[],"product_brand":[],"product_cat":[48],"product_tag":[],"class_list":{"0":"post-140","1":"product","2":"type-product","3":"status-publish","4":"has-post-thumbnail","6":"product_cat-applewatch","8":"first","9":"instock","10":"shipping-taxable","11":"purchasable","12":"product-type-simple"},"_links":{"self":[{"href":"https:\/\/ductinstore.com\/index.php?rest_route=\/wp\/v2\/product\/140","targetHints":{"allow":["GET"]}}],"collection":[{"href":"https:\/\/ductinstore.com\/index.php?rest_route=\/wp\/v2\/product"}],"about":[{"href":"https:\/\/ductinstore.com\/index.php?rest_route=\/wp\/v2\/types\/product"}],"replies":[{"embeddable":true,"href":"https:\/\/ductinstore.com\/index.php?rest_route=%2Fwp%2Fv2%2Fcomments&post=140"}],"wp:featuredmedia":[{"embeddable":true,"href":"https:\/\/ductinstore.com\/index.php?rest_route=\/wp\/v2\/media\/144"}],"wp:attachment":[{"href":"https:\/\/ductinstore.com\/index.php?rest_route=%2Fwp%2Fv2%2Fmedia&parent=140"}],"wp:term":[{"taxonomy":"product_brand","embeddable":true,"href":"https:\/\/ductinstore.com\/index.php?rest_route=%2Fwp%2Fv2%2Fproduct_brand&post=140"},{"taxonomy":"product_cat","embeddable":true,"href":"https:\/\/ductinstore.com\/index.php?rest_route=%2Fwp%2Fv2%2Fproduct_cat&post=140"},{"taxonomy":"product_tag","embeddable":true,"href":"https:\/\/ductinstore.com\/index.php?rest_route=%2Fwp%2Fv2%2Fproduct_tag&post=140"}],"curies":[{"name":"wp","href":"https:\/\/api.w.org\/{rel}","templated":true}]}}