{"id":476,"date":"2026-04-12T16:38:13","date_gmt":"2026-04-12T09:38:13","guid":{"rendered":"https:\/\/ductinstore.com\/?page_id=476"},"modified":"2026-04-12T16:39:00","modified_gmt":"2026-04-12T09:39:00","slug":"chuyen-doi-so","status":"publish","type":"page","link":"https:\/\/ductinstore.com\/?page_id=476","title":{"rendered":"Chuy\u1ec3n \u0111\u1ed5i s\u1ed1"},"content":{"rendered":"\n\n\t<section class=\"section\" id=\"section_91799313\">\n\t\t<div class=\"section-bg fill\" >\n\t\t\t\t\t\t\t\t\t\n\t\t\t\n\n\t\t<\/div>\n\n\t\t\n\n\t\t<div class=\"section-content relative\">\n\t\t\t\n\n<div class=\"row row-collapse row-full-width align-middle\"  id=\"row-1332963627\">\n\n\n\t<div id=\"col-1767321226\" class=\"col medium-12 small-12 large-6\"  >\n\t\t\t\t<div class=\"col-inner\"  >\n\t\t\t\n\t\t\t\n\n\t<div id=\"gap-281907953\" class=\"gap-element clearfix\" style=\"display:block; height:auto;\">\n\t\t\n<style>\n#gap-281907953 {\n  padding-top: 50px;\n}\n<\/style>\n\t<\/div>\n\t\n\n<div class=\"row align-center\"  id=\"row-547901305\">\n\n\n\t<div id=\"col-1081661268\" class=\"col medium-10 small-12 large-10\"  >\n\t\t\t\t<div class=\"col-inner text-center\"  >\n\t\t\t\n\t\t\t\n\n\t<div id=\"text-3867229758\" class=\"text\">\n\t\t\n\n<h1 class=\"uppercase\">CHUY\u1ec2N \u0110\u1ed4I S\u1ed0<\/h1>\n\n\t\t\n<style>\n#text-3867229758 {\n  font-size: 1.75rem;\n}\n@media (min-width:550px) {\n  #text-3867229758 {\n    font-size: 2.25rem;\n  }\n}\n<\/style>\n\t<\/div>\n\t\n<p>Gi\u00fap Doanh nghi\u1ec7p t\u0103ng kh\u1ea3 n\u0103ng c\u1ea1nh tranh, t\u1ed1i \u01b0u chi ph\u00ed, kinh doanh hi\u1ec7u qu\u1ea3.<\/p>\n\n\t<div id=\"gap-1002045230\" class=\"gap-element clearfix\" style=\"display:block; height:auto;\">\n\t\t\n<style>\n#gap-1002045230 {\n  padding-top: 20px;\n}\n@media (min-width:550px) {\n  #gap-1002045230 {\n    padding-top: 30px;\n  }\n}\n<\/style>\n\t<\/div>\n\t\n\n<a class=\"button secondary is-underline\" >\n\t\t<span>s\u1ed1 h\u00f3a doanh nghi\u1ec7p<\/span>\n\t<\/a>\n\n\n\n\t\t<\/div>\n\t\t\t\t\n<style>\n#col-1081661268 > .col-inner {\n  padding: 30px 5% 30px 5%;\n}\n@media (min-width:550px) {\n  #col-1081661268 > .col-inner {\n    padding: 50px 10% 50px 10%;\n  }\n}\n@media (min-width:850px) {\n  #col-1081661268 > .col-inner {\n    padding: 0px 10% 0px 10%;\n  }\n}\n<\/style>\n\t<\/div>\n\n\t\n\n<\/div>\n\n\t\t<\/div>\n\t\t\t\t\t<\/div>\n\n\t\n\n\t<div id=\"col-1469488060\" class=\"col medium-12 small-12 large-6\"  >\n\t\t\t\t<div class=\"col-inner\" style=\"background-color:rgb(255, 255, 255);\" >\n\t\t\t\n\t\t\t\n\n<div class=\"slider-wrapper relative\" id=\"slider-330254577\" >\n    <div class=\"slider slider-nav-dots-dashes slider-nav-circle slider-nav-large slider-nav-light slider-style-container\"\n        data-flickity-options='{\n            \"cellAlign\": \"center\",\n            \"imagesLoaded\": true,\n            \"lazyLoad\": 1,\n            \"freeScroll\": false,\n            \"wrapAround\": true,\n            \"autoPlay\": 3500,\n            \"pauseAutoPlayOnHover\" : false,\n            \"prevNextButtons\": false,\n            \"contain\" : true,\n            \"adaptiveHeight\" : true,\n            \"dragThreshold\" : 10,\n            \"percentPosition\": true,\n            \"pageDots\": true,\n            \"rightToLeft\": false,\n            \"draggable\": true,\n            \"selectedAttraction\": 0.1,\n            \"parallax\" : 0,\n            \"friction\": 0.6        }'\n        >\n        \n\n\n  <div class=\"banner has-hover\" id=\"banner-1124285039\">\n          <div class=\"banner-inner fill\">\n        <div class=\"banner-bg fill\" >\n            <img loading=\"lazy\" decoding=\"async\" width=\"1020\" height=\"671\" src=\"https:\/\/ductinstore.com\/wp-content\/uploads\/2026\/04\/annie-spratt-wgivdx9dBdQ-unsplash-1024x674.jpg\" class=\"bg attachment-large size-large\" alt=\"\" \/>                                    \n                    <\/div>\n\t\t\n        <div class=\"banner-layers container\">\n            <div class=\"fill banner-link\"><\/div>            \n\n   <div id=\"text-box-1728502764\" class=\"text-box banner-layer x50 md-x50 lg-x50 y50 md-y50 lg-y50 res-text\">\n                                <div class=\"text-box-content text dark\">\n              \n              <div class=\"text-inner text-center\">\n                  \n\n\n              <\/div>\n           <\/div>\n                            \n<style>\n#text-box-1728502764 {\n  width: 60%;\n}\n#text-box-1728502764 .text-box-content {\n  font-size: 100%;\n}\n<\/style>\n    <\/div>\n \n\n        <\/div>\n      <\/div>\n\n            \n<style>\n#banner-1124285039 {\n  padding-top: 300px;\n  background-color: rgba(255, 255, 255, 0);\n}\n@media (min-width:550px) {\n  #banner-1124285039 {\n    padding-top: 450px;\n  }\n}\n@media (min-width:850px) {\n  #banner-1124285039 {\n    padding-top: 550px;\n  }\n}\n<\/style>\n  <\/div>\n\n\n\n  <div class=\"banner has-hover\" id=\"banner-284321083\">\n          <div class=\"banner-inner fill\">\n        <div class=\"banner-bg fill\" >\n                                                \n                    <\/div>\n\t\t\n        <div class=\"banner-layers container\">\n            <div class=\"fill banner-link\"><\/div>            \n\n   <div id=\"text-box-174203636\" class=\"text-box banner-layer x50 md-x50 lg-x50 y50 md-y50 lg-y50 res-text\">\n                                <div class=\"text-box-content text dark\">\n              \n              <div class=\"text-inner text-center\">\n                  \n\n\n              <\/div>\n           <\/div>\n                            \n<style>\n#text-box-174203636 {\n  width: 60%;\n}\n#text-box-174203636 .text-box-content {\n  font-size: 100%;\n}\n<\/style>\n    <\/div>\n \n\n        <\/div>\n      <\/div>\n\n            \n<style>\n#banner-284321083 {\n  padding-top: 300px;\n  background-color: rgba(255, 255, 255, 0);\n}\n@media (min-width:550px) {\n  #banner-284321083 {\n    padding-top: 450px;\n  }\n}\n@media (min-width:850px) {\n  #banner-284321083 {\n    padding-top: 550px;\n  }\n}\n<\/style>\n  <\/div>\n\n\n\n  <div class=\"banner has-hover\" id=\"banner-334855090\">\n          <div class=\"banner-inner fill\">\n        <div class=\"banner-bg fill\" >\n                                                \n                    <\/div>\n\t\t\n        <div class=\"banner-layers container\">\n            <div class=\"fill banner-link\"><\/div>            \n\n   <div id=\"text-box-1891802559\" class=\"text-box banner-layer x50 md-x50 lg-x50 y50 md-y50 lg-y50 res-text\">\n                                <div class=\"text-box-content text dark\">\n              \n              <div class=\"text-inner text-center\">\n                  \n\n\n              <\/div>\n           <\/div>\n                            \n<style>\n#text-box-1891802559 {\n  width: 60%;\n}\n#text-box-1891802559 .text-box-content {\n  font-size: 100%;\n}\n<\/style>\n    <\/div>\n \n\n        <\/div>\n      <\/div>\n\n            \n<style>\n#banner-334855090 {\n  padding-top: 300px;\n  background-color: rgba(255, 255, 255, 0);\n}\n@media (min-width:550px) {\n  #banner-334855090 {\n    padding-top: 450px;\n  }\n}\n@media (min-width:850px) {\n  #banner-334855090 {\n    padding-top: 550px;\n  }\n}\n<\/style>\n  <\/div>\n\n\n\n     <\/div>\n\n     <div class=\"loading-spin dark large centered\"><\/div>\n\n\t<\/div>\n\n\n\t<div id=\"gap-684376970\" class=\"gap-element clearfix\" style=\"display:block; height:auto;\">\n\t\t\n<style>\n#gap-684376970 {\n  padding-top: 30px;\n}\n<\/style>\n\t<\/div>\n\t\n\n<div class=\"row\"  id=\"row-135786748\">\n\n\n\t<div id=\"col-1945338903\" class=\"col small-12 large-12\"  >\n\t\t\t\t<div class=\"col-inner\"  >\n\t\t\t\n\t\t\t\n\n<div class=\"row row-solid\"  id=\"row-451731838\">\n\n\n\t<div id=\"col-232248773\" class=\"col medium-4 small-12 large-4\"  >\n\t\t\t\t<div class=\"col-inner text-center\"  >\n\t\t\t\n\t\t\t\n\n\t<div id=\"gap-529212973\" class=\"gap-element clearfix\" style=\"display:block; height:auto;\">\n\t\t\n<style>\n#gap-529212973 {\n  padding-top: 20px;\n}\n<\/style>\n\t<\/div>\n\t\n\n\t<div id=\"text-292795016\" class=\"text\">\n\t\t\n\n<h4>Ph\u1ea7n m\u1ec1m<\/h4>\n\n\t\t\n<style>\n#text-292795016 {\n  line-height: 0.75;\n}\n<\/style>\n\t<\/div>\n\t\n<p>* Chi ph\u00ed bao g\u1ed3m thi\u1ebft b\u1ecb<\/p>\n\n\t\t<\/div>\n\t\t\t\t\t<\/div>\n\n\t\n\n\t<div id=\"col-287737490\" class=\"col medium-4 small-12 large-4\"  >\n\t\t\t\t<div class=\"col-inner text-center\"  >\n\t\t\t\n\t\t\t\n\n\t<div id=\"gap-263673052\" class=\"gap-element clearfix\" style=\"display:block; height:auto;\">\n\t\t\n<style>\n#gap-263673052 {\n  padding-top: 20px;\n}\n<\/style>\n\t<\/div>\n\t\n\n\t<div id=\"text-587468871\" class=\"text\">\n\t\t\n\n<h4>Ph\u1ea7n c\u1ee9ng<\/h4>\n\n\t\t\n<style>\n#text-587468871 {\n  line-height: 0.75;\n}\n<\/style>\n\t<\/div>\n\t\n<p>* MI\u1ec5n ph\u00ed<\/p>\n\n\n\t\t<\/div>\n\t\t\t\t\t<\/div>\n\n\t\n\n\t<div id=\"col-2096131079\" class=\"col medium-4 small-12 large-4\"  >\n\t\t\t\t<div class=\"col-inner text-center\"  >\n\t\t\t\n\t\t\t\n\n\t<div id=\"gap-477737062\" class=\"gap-element clearfix\" style=\"display:block; height:auto;\">\n\t\t\n<style>\n#gap-477737062 {\n  padding-top: 20px;\n}\n<\/style>\n\t<\/div>\n\t\n\n\t<div id=\"text-3453139105\" class=\"text\">\n\t\t\n\n<h4>H\u1ed7 tr\u1ee3<\/h4>\n\n\t\t\n<style>\n#text-3453139105 {\n  line-height: 0.75;\n}\n<\/style>\n\t<\/div>\n\t\n<p>24\/7<\/p>\n\n\n\t\t<\/div>\n\t\t\t\t\t<\/div>\n\n\t\n\n<\/div>\n\n\t\t<\/div>\n\t\t\t\t\n<style>\n#col-1945338903 > .col-inner {\n  padding: 0px 5% 0px 5%;\n  margin: 0px 0px 0px 0px;\n}\n@media (min-width:850px) {\n  #col-1945338903 > .col-inner {\n    padding: 0px 10% 0px 10%;\n    margin: 0px 0px -15px 0px;\n  }\n}\n<\/style>\n\t<\/div>\n\n\t\n\n<\/div>\n\n\t\t<\/div>\n\t\t\t\t\t<\/div>\n\n\t\n\n<\/div>\n\n\t\t<\/div>\n\n\t\t\n<style>\n#section_91799313 {\n  padding-top: 0px;\n  padding-bottom: 0px;\n  background-color: rgb(246, 246, 237);\n}\n<\/style>\n\t<\/section>\n\t\n\t<div id=\"gap-294255162\" class=\"gap-element clearfix\" style=\"display:block; height:auto;\">\n\t\t\n<style>\n#gap-294255162 {\n  padding-top: 30px;\n}\n<\/style>\n\t<\/div>\n\t\n\n<div class=\"row row-collapse row-full-width align-equal\"  id=\"row-1260368568\">\n\n\n\t<div id=\"col-494381135\" class=\"col medium-6 small-12 large-6\"  >\n\t\t\t\t<div class=\"col-inner dark\"  >\n\t\t\t\n\t\t\t\n\n\t<div class=\"box has-hover   has-hover box-text-bottom\" >\n\n\t\t<div class=\"box-image\" >\n\t\t\t\t\t\t<div class=\"image-cover\" style=\"padding-top:75%;\">\n\t\t\t\t<img loading=\"lazy\" decoding=\"async\" width=\"2560\" height=\"1707\" src=\"https:\/\/ductinstore.com\/wp-content\/uploads\/2026\/04\/fotis-fotopoulos-DuHKoV44prg-unsplash-scaled.jpg\" class=\"attachment- size-\" alt=\"\" srcset=\"https:\/\/ductinstore.com\/wp-content\/uploads\/2026\/04\/fotis-fotopoulos-DuHKoV44prg-unsplash-scaled.jpg 2560w, https:\/\/ductinstore.com\/wp-content\/uploads\/2026\/04\/fotis-fotopoulos-DuHKoV44prg-unsplash-300x200.jpg 300w, https:\/\/ductinstore.com\/wp-content\/uploads\/2026\/04\/fotis-fotopoulos-DuHKoV44prg-unsplash-1024x683.jpg 1024w, https:\/\/ductinstore.com\/wp-content\/uploads\/2026\/04\/fotis-fotopoulos-DuHKoV44prg-unsplash-768x512.jpg 768w, https:\/\/ductinstore.com\/wp-content\/uploads\/2026\/04\/fotis-fotopoulos-DuHKoV44prg-unsplash-1536x1024.jpg 1536w, https:\/\/ductinstore.com\/wp-content\/uploads\/2026\/04\/fotis-fotopoulos-DuHKoV44prg-unsplash-2048x1365.jpg 2048w, https:\/\/ductinstore.com\/wp-content\/uploads\/2026\/04\/fotis-fotopoulos-DuHKoV44prg-unsplash-600x400.jpg 600w\" sizes=\"auto, (max-width: 2560px) 100vw, 2560px\" \/>\t\t\t\t\t\t\t\t\t\t\t<\/div>\n\t\t\t\t\t<\/div>\n\n\t\t<div class=\"box-text text-center\" style=\"background-color:rgb(39, 54, 70);padding:10% 10% 10% 10%;\">\n\t\t\t<div class=\"box-text-inner\">\n\t\t\t\t\n\n\t<div id=\"text-2074693215\" class=\"text\">\n\t\t\n\n<h2>Ph\u1ea7n m\u1ec1m<\/h2>\n\n\t\t\n<style>\n#text-2074693215 {\n  font-size: 1.25rem;\n}\n@media (min-width:850px) {\n  #text-2074693215 {\n    font-size: 1.5rem;\n  }\n}\n<\/style>\n\t<\/div>\n\t\n<p>Thi\u1ebft k\u1ebf ph\u1ea7n m\u1ec1m theo y\u00eau c\u1ea7u , th\u1ef1c t\u1ebf t\u1ea1i Doanh nghi\u1ec7p, Bao g\u1ed3m nhi\u1ec1u g\u00f3i linh ho\u1ea1t khi k\u00e8m theo thi\u1ebft b\u1ecb ph\u1ea7n c\u1ee9ng. Thi\u1ebft k\u1ebf ph\u1ea7n m\u1ec1m ch\u1ea1y Offline tr\u00ean m\u00e1y c\u00e1 nh\u1eadn, n\u1ed9i b\u1ed9 Doanh nghi\u1ec7p ho\u1eb7c ch\u1ea1y tr\u00ean n\u1ec1n Web d\u1ec5 d\u00e0ng qu\u1ea3n l\u00fd v\u00e0 theo d\u00f5i b\u00e1o c\u00e1o.<\/p>\n\n<a class=\"button white is-outline\" style=\"border-radius:5px;\">\n\t\t<span>Chi ph\u00ed t\u1ed1i \u01b0u - b\u00e1o c\u00e1o h\u00e0ng ng\u00e0y<\/span>\n\t<\/a>\n\n\n\n\t\t\t<\/div>\n\t\t<\/div>\n\t<\/div>\n\t\n\n\t\t<\/div>\n\t\t\t\t\t<\/div>\n\n\t\n\n\t<div id=\"col-650885800\" class=\"col medium-6 small-12 large-6\"  >\n\t\t\t\t<div class=\"col-inner dark\"  >\n\t\t\t\n\t\t\t\n\n\t<div class=\"box has-hover   has-hover box-text-bottom\" >\n\n\t\t<div class=\"box-image\" >\n\t\t\t\t\t\t<div class=\"image-cover\" style=\"padding-top:75%;\">\n\t\t\t\t<img loading=\"lazy\" decoding=\"async\" width=\"2560\" height=\"1708\" src=\"https:\/\/ductinstore.com\/wp-content\/uploads\/2026\/04\/thisisengineering-32PpagSzeGs-unsplash-scaled.jpg\" class=\"attachment- size-\" alt=\"\" srcset=\"https:\/\/ductinstore.com\/wp-content\/uploads\/2026\/04\/thisisengineering-32PpagSzeGs-unsplash-scaled.jpg 2560w, https:\/\/ductinstore.com\/wp-content\/uploads\/2026\/04\/thisisengineering-32PpagSzeGs-unsplash-300x200.jpg 300w, https:\/\/ductinstore.com\/wp-content\/uploads\/2026\/04\/thisisengineering-32PpagSzeGs-unsplash-1024x683.jpg 1024w, https:\/\/ductinstore.com\/wp-content\/uploads\/2026\/04\/thisisengineering-32PpagSzeGs-unsplash-768x512.jpg 768w, https:\/\/ductinstore.com\/wp-content\/uploads\/2026\/04\/thisisengineering-32PpagSzeGs-unsplash-1536x1025.jpg 1536w, https:\/\/ductinstore.com\/wp-content\/uploads\/2026\/04\/thisisengineering-32PpagSzeGs-unsplash-2048x1366.jpg 2048w, https:\/\/ductinstore.com\/wp-content\/uploads\/2026\/04\/thisisengineering-32PpagSzeGs-unsplash-600x400.jpg 600w\" sizes=\"auto, (max-width: 2560px) 100vw, 2560px\" \/>\t\t\t\t\t\t\t\t\t\t\t<\/div>\n\t\t\t\t\t<\/div>\n\n\t\t<div class=\"box-text text-center\" style=\"background-color:rgb(32, 48, 64);padding:10% 10% 10% 9%;\">\n\t\t\t<div class=\"box-text-inner\">\n\t\t\t\t\n\n\t<div id=\"text-1585564935\" class=\"text\">\n\t\t\n\n<h2>Ph\u1ea7n c\u1ee9ng<\/h2>\n\n\t\t\n<style>\n#text-1585564935 {\n  font-size: 1.25rem;\n}\n@media (min-width:850px) {\n  #text-1585564935 {\n    font-size: 1.5rem;\n  }\n}\n<\/style>\n\t<\/div>\n\t\n<p>Cung c\u1ea5p ph\u1ea7n c\u1ee9ng thi\u1ebft b\u1ecb k\u00e8m theo ph\u1ea7n m\u1ec1m. Chi ph\u00ed t\u1ed1i \u01b0u khi Doanh nghi\u1ec7p c\u00f3 th\u1ec3 mua Ph\u1ea7n m\u1ec1m k\u00e8m ph\u1ea7n c\u1ee9ng ho\u1eb7c thu\u00ea l\u1ea1i thi\u1ebft b\u1ecb v\u1edbi chi ph\u00ed \u01b0u \u0111\u00e3i. H\u1ee3p \u0111\u1ed3ng d\u00e0i h\u1ea1n t\u1eb7ng lu\u00f4n thi\u1ebft b\u1ecb ph\u1ea7n c\u1ee9ng. H\u1ed7 tr\u1ee3 m\u1ecdi chi ph\u00ed b\u1ea3o tr\u00ec thi\u1ebft b\u1ecb trong qu\u00e1 tr\u00ecnh Doanh nghi\u1ec7p s\u1eed d\u1ee5ng. <\/p>\n\n<a class=\"button white is-outline\" style=\"border-radius:5px;\">\n\t\t<span>H\u1ed7 tr\u1ee3 ph\u1ea7n c\u1ee9ng 5 n\u0103m<\/span>\n\t<\/a>\n\n\n\n\t\t\t<\/div>\n\t\t<\/div>\n\t<\/div>\n\t\n\n\t\t<\/div>\n\t\t\t\t\t<\/div>\n\n\t\n\n<\/div>\n\n","protected":false},"excerpt":{"rendered":"","protected":false},"author":1,"featured_media":0,"parent":0,"menu_order":0,"comment_status":"closed","ping_status":"closed","template":"","meta":{"footnotes":""},"class_list":["post-476","page","type-page","status-publish","hentry"],"_links":{"self":[{"href":"https:\/\/ductinstore.com\/index.php?rest_route=\/wp\/v2\/pages\/476","targetHints":{"allow":["GET"]}}],"collection":[{"href":"https:\/\/ductinstore.com\/index.php?rest_route=\/wp\/v2\/pages"}],"about":[{"href":"https:\/\/ductinstore.com\/index.php?rest_route=\/wp\/v2\/types\/page"}],"author":[{"embeddable":true,"href":"https:\/\/ductinstore.com\/index.php?rest_route=\/wp\/v2\/users\/1"}],"replies":[{"embeddable":true,"href":"https:\/\/ductinstore.com\/index.php?rest_route=%2Fwp%2Fv2%2Fcomments&post=476"}],"version-history":[{"count":3,"href":"https:\/\/ductinstore.com\/index.php?rest_route=\/wp\/v2\/pages\/476\/revisions"}],"predecessor-version":[{"id":482,"href":"https:\/\/ductinstore.com\/index.php?rest_route=\/wp\/v2\/pages\/476\/revisions\/482"}],"wp:attachment":[{"href":"https:\/\/ductinstore.com\/index.php?rest_route=%2Fwp%2Fv2%2Fmedia&parent=476"}],"curies":[{"name":"wp","href":"https:\/\/api.w.org\/{rel}","templated":true}]}}