{"id":467,"date":"2026-04-12T15:43:40","date_gmt":"2026-04-12T08:43:40","guid":{"rendered":"https:\/\/ductinstore.com\/?page_id=467"},"modified":"2026-04-12T16:00:37","modified_gmt":"2026-04-12T09:00:37","slug":"bao-tri-he-thong","status":"publish","type":"page","link":"https:\/\/ductinstore.com\/?page_id=467","title":{"rendered":"B\u1ea3o tr\u00ec h\u1ec7 th\u1ed1ng"},"content":{"rendered":"\n\t<div id=\"gap-1621382790\" class=\"gap-element clearfix\" style=\"display:block; height:auto;\">\n\t\t\n<style>\n#gap-1621382790 {\n  padding-top: 50px;\n}\n<\/style>\n\t<\/div>\n\t\n\n<div class=\"row\"  id=\"row-234955356\">\n\n\n\t<div id=\"col-1637363149\" class=\"col small-12 large-12\"  >\n\t\t\t\t<div class=\"col-inner\"  >\n\t\t\t\n\t\t\t\n\n<div class=\"row row-collapse\"  id=\"row-382218381\">\n\n\n\t<div id=\"col-1146903713\" class=\"col small-12 large-12\"  >\n\t\t\t\t<div class=\"col-inner\"  >\n\t\t\t\n\t\t\t\n\n\n\t<section class=\"section dark\" id=\"section_2054160474\">\n\t\t<div class=\"section-bg fill\" >\n\t\t\t<img loading=\"lazy\" decoding=\"async\" width=\"2560\" height=\"1709\" src=\"https:\/\/ductinstore.com\/wp-content\/uploads\/2026\/04\/kvistholt-photography-oZPwn40zCK4-unsplash-scaled.jpg\" class=\"bg attachment- size-\" alt=\"\" \/>\t\t\t\t\t\t<div class=\"section-bg-overlay absolute fill\"><\/div>\n\t\t\t\n\n\t\t<\/div>\n\n\t\t\n\n\t\t<div class=\"section-content relative\">\n\t\t\t\n\n<div class=\"row\"  id=\"row-317163188\">\n\n\n\t<div id=\"col-1713460447\" class=\"col medium-9 small-12 large-7\"  >\n\t\t\t\t<div class=\"col-inner dark\" style=\"background-color:rgb(29, 29, 29);\" >\n\t\t\t\n\t\t\t\n\n\t<div id=\"gap-664467978\" class=\"gap-element clearfix\" style=\"display:block; height:auto;\">\n\t\t\n<style>\n#gap-664467978 {\n  padding-top: 30px;\n}\n<\/style>\n\t<\/div>\n\t\n\n\t<div id=\"text-1133536153\" class=\"text\">\n\t\t\n\n<h3>B\u1ea3o tr\u00ec h\u1ec7 th\u1ed1ng<\/h3>\n\t\t\n<style>\n#text-1133536153 {\n  font-size: 1.75rem;\n  line-height: 1;\n}\n@media (min-width:550px) {\n  #text-1133536153 {\n    font-size: 2.25rem;\n    line-height: 0.75;\n  }\n}\n<\/style>\n\t<\/div>\n\t\n<p>Cung c\u1ea5p d\u1ecbch v\u1ee5 b\u1ea3o tr\u00ec h\u1ec7 th\u1ed1ng M\u00e1y t\u00ednh, m\u1ea1ng Internet, Server.<\/p>\n\n\n\t\t<\/div>\n\t\t\t\t\n<style>\n#col-1713460447 > .col-inner {\n  padding: 0px 0px 0px 0;\n}\n@media (min-width:550px) {\n  #col-1713460447 > .col-inner {\n    padding: 0px 0px 0px 10%;\n  }\n}\n<\/style>\n\t<\/div>\n\n\t\n\n<\/div>\n\n\t\t<\/div>\n\n\t\t\n<style>\n#section_2054160474 {\n  padding-top: 0px;\n  padding-bottom: 0px;\n  min-height: 450px;\n}\n#section_2054160474 .section-bg-overlay {\n  background-color: rgba(0, 0, 0, 0.3);\n}\n#section_2054160474 .section-bg img {\n  object-position: 9% 100%;\n}\n@media (min-width:550px) {\n  #section_2054160474 {\n    min-height: 500px;\n  }\n}\n<\/style>\n\t<\/section>\n\t\n\n\t\t<\/div>\n\t\t\t\t\t<\/div>\n\n\t\n\n<\/div>\n<div class=\"row row-collapse align-equal\"  id=\"row-1498028022\">\n\n\n\t<div id=\"col-1444679337\" class=\"col medium-4 small-12 large-4\"  >\n\t\t\t\t<div class=\"col-inner text-center dark\" style=\"background-color:rgb(255, 0, 0);\" >\n\t\t\t\n\t\t\t\n\n\t<div id=\"gap-26508566\" class=\"gap-element clearfix\" style=\"display:block; height:auto;\">\n\t\t\n<style>\n#gap-26508566 {\n  padding-top: 10px;\n}\n@media (min-width:550px) {\n  #gap-26508566 {\n    padding-top: 25px;\n  }\n}\n@media (min-width:850px) {\n  #gap-26508566 {\n    padding-top: 10px;\n  }\n}\n<\/style>\n\t<\/div>\n\t\n\n\t<div id=\"text-3237851746\" class=\"text\">\n\t\t\n\n<h4>+10 Doanh nghi\u1ec7p<br \/>\n<\/h4>\n\n\t\t\n<style>\n#text-3237851746 {\n  font-size: 1.75rem;\n  line-height: 1;\n}\n@media (min-width:550px) {\n  #text-3237851746 {\n    font-size: 1.25rem;\n  }\n}\n@media (min-width:850px) {\n  #text-3237851746 {\n    font-size: 1.5rem;\n    line-height: 0.75;\n  }\n}\n<\/style>\n\t<\/div>\n\t\n<p>Tin d\u00f9ng d\u1ecbch v\u1ee5 B\u1ea3o tr\u00ec h\u1ec7 th\u1ed1ng Doanh nghi\u1ec7p<\/p>\n\n\t\t<\/div>\n\t\t\t\t\n<style>\n#col-1444679337 > .col-inner {\n  padding: 15% 10% 10% 10%;\n}\n<\/style>\n\t<\/div>\n\n\t\n\n\t<div id=\"col-1855078314\" class=\"col medium-4 small-12 large-4\"  >\n\t\t\t\t<div class=\"col-inner text-center dark\" style=\"background-color:rgb(255, 0, 0);\" >\n\t\t\t\n\t\t\t\n\n\t<div id=\"text-1885535208\" class=\"text\">\n\t\t\n\n<h4>24\/7<br \/>\n<\/h4>\n\n\t\t\n<style>\n#text-1885535208 {\n  font-size: 1.75rem;\n  line-height: 0.75;\n}\n@media (min-width:550px) {\n  #text-1885535208 {\n    font-size: 1.25rem;\n  }\n}\n@media (min-width:850px) {\n  #text-1885535208 {\n    font-size: 1.5rem;\n  }\n}\n<\/style>\n\t<\/div>\n\t\n<p>Cung c\u1ea5p d\u1ecbch v\u1ee5 24\/7, Offline v\u00e0 Online<\/p>\n\n\n\t\t<\/div>\n\t\t\t\t\n<style>\n#col-1855078314 > .col-inner {\n  padding: 15% 10% 10% 10%;\n}\n<\/style>\n\t<\/div>\n\n\t\n\n\t<div id=\"col-699722271\" class=\"col medium-4 small-12 large-4\"  >\n\t\t\t\t<div class=\"col-inner text-center dark\" style=\"background-color:rgb(251, 0, 0);\" >\n\t\t\t\n\t\t\t\n\n\t<div id=\"gap-1449271596\" class=\"gap-element clearfix\" style=\"display:block; height:auto;\">\n\t\t\n<style>\n#gap-1449271596 {\n  padding-top: 10px;\n}\n@media (min-width:550px) {\n  #gap-1449271596 {\n    padding-top: 25px;\n  }\n}\n@media (min-width:850px) {\n  #gap-1449271596 {\n    padding-top: 10px;\n  }\n}\n<\/style>\n\t<\/div>\n\t\n\n\t<div id=\"text-792668232\" class=\"text\">\n\t\t\n\n<h5>+200 Kh\u00e1ch h\u00e0ng <\/br><\/br>C\u00e1 nh\u00e2n<br \/>\n<\/h5>\n\n\t\t\n<style>\n#text-792668232 {\n  font-size: 1.75rem;\n  line-height: 1.25;\n}\n@media (min-width:550px) {\n  #text-792668232 {\n    font-size: 1.25rem;\n  }\n}\n@media (min-width:850px) {\n  #text-792668232 {\n    font-size: 1.5rem;\n    line-height: 0.75;\n  }\n}\n<\/style>\n\t<\/div>\n\t\n\n\t\t<\/div>\n\t\t\t\t\n<style>\n#col-699722271 > .col-inner {\n  padding: 15% 10% 10% 10%;\n}\n<\/style>\n\t<\/div>\n\n\t\n\n<\/div>\n\n\t\t<\/div>\n\t\t\t\t\t<\/div>\n\n\t\n\n<\/div>\n<div class=\"row row-collapse row-full-width align-middle\"  id=\"row-7770379\">\n\n\n\t<div id=\"col-678812196\" class=\"col medium-12 small-12 large-5\"  >\n\t\t\t\t<div class=\"col-inner\"  >\n\t\t\t\n\t\t\t\n\n\n\t<section class=\"section dark\" id=\"section_1884381197\">\n\t\t<div class=\"section-bg fill\" >\n\t\t\t<img loading=\"lazy\" decoding=\"async\" width=\"1440\" height=\"2560\" src=\"https:\/\/ductinstore.com\/wp-content\/uploads\/2026\/04\/alireza-irajinia-gSSDdrNR_x4-unsplash-scaled.jpg\" class=\"bg attachment- size-\" alt=\"\" \/>\t\t\t\t\t\t<div class=\"section-bg-overlay absolute fill\"><\/div>\n\t\t\t\n\n\t\t<\/div>\n\n\t\t\n\n\t\t<div class=\"section-content relative\">\n\t\t\t\n\n<div class=\"row\"  id=\"row-603582640\">\n\n\n\t<div id=\"col-2095894151\" class=\"col medium-11 small-12 large-11\"  >\n\t\t\t\t<div class=\"col-inner\" style=\"background-color:rgb(0, 0, 0);\" >\n\t\t\t\n\t\t\t\n\n\t<div id=\"gap-1654653797\" class=\"gap-element clearfix\" style=\"display:block; height:auto;\">\n\t\t\n<style>\n#gap-1654653797 {\n  padding-top: 30px;\n}\n<\/style>\n\t<\/div>\n\t\n\n\t<div id=\"text-1045431390\" class=\"text\">\n\t\t\n\n<h3>B\u1ea3o tr\u00ec h\u1ec7 th\u1ed1ng m\u00e1y t\u00ednh<\/h3>\n\t\t\n<style>\n#text-1045431390 {\n  font-size: 2rem;\n  line-height: 1;\n}\n@media (min-width:550px) {\n  #text-1045431390 {\n    font-size: 1.85rem;\n  }\n}\n<\/style>\n\t<\/div>\n\t\n<div class=\"is-divider divider clearfix\" style=\"max-width:80px;background-color:rgb(255, 255, 255);\"><\/div>\n\n<p>Cung c\u1ea5p gi\u1ea3i ph\u00e1p b\u1ea3o tr\u00ec , \u0111\u1ea3m b\u1ea3o ho\u1ea1t \u0111\u1ed9ng 24\/7<\/p>\n\n\n\t\t<\/div>\n\t\t\t\t\n<style>\n#col-2095894151 > .col-inner {\n  padding: 0px 0px 0px 0;\n}\n@media (min-width:550px) {\n  #col-2095894151 > .col-inner {\n    padding: 0px 0px 0px 15%;\n  }\n}\n<\/style>\n\t<\/div>\n\n\t\n\n<\/div>\n\n\t\t<\/div>\n\n\t\t\n<style>\n#section_1884381197 {\n  padding-top: 0px;\n  padding-bottom: 0px;\n  min-height: 440px;\n}\n#section_1884381197 .section-bg-overlay {\n  background-color: rgba(0, 0, 0, 0.29);\n}\n@media (min-width:550px) {\n  #section_1884381197 {\n    min-height: 500px;\n  }\n}\n@media (min-width:850px) {\n  #section_1884381197 {\n    min-height: 544px;\n  }\n}\n<\/style>\n\t<\/section>\n\t\n\n\t\t<\/div>\n\t\t\t\t\t<\/div>\n\n\t\n\n\t<div id=\"col-93128873\" class=\"col medium-12 small-12 large-7\"  >\n\t\t\t\t<div class=\"col-inner\"  >\n\t\t\t\n\t\t\t\n\n\t<div id=\"gap-638864034\" class=\"gap-element clearfix\" style=\"display:block; height:auto;\">\n\t\t\n<style>\n#gap-638864034 {\n  padding-top: 30px;\n}\n<\/style>\n\t<\/div>\n\t\n\n<div class=\"row row-large\"  id=\"row-638147798\">\n\n\n\t<div id=\"col-116546863\" class=\"col medium-6 small-12 large-6\"  >\n\t\t\t\t<div class=\"col-inner\"  >\n\t\t\t\n\t\t\t\n\n\n\t\t<div class=\"icon-box featured-box icon-box-center text-center\"  >\n\t\t\t\t<div class=\"icon-box-text last-reset\">\n\t\t\t\t\t\t\t\t\t\n\n<h3>B\u01b0\u1edbc 1<\/h3>\n<p>Ki\u1ec3m tra ph\u1ea7n c\u1ee9ng v\u00e0 ph\u1ea7n m\u1ec1m t\u1eebng m\u00e1y t\u00ednh PC &#8211; Laptop<\/p>\n\n\t\t<\/div>\n\t<\/div>\n\t\n\t\n\n\t\t<\/div>\n\t\t\t\t\t<\/div>\n\n\t\n\n\t<div id=\"col-88272299\" class=\"col medium-6 small-12 large-6\"  >\n\t\t\t\t<div class=\"col-inner\"  >\n\t\t\t\n\t\t\t\n\n\n\t\t<div class=\"icon-box featured-box icon-box-center text-center\"  >\n\t\t\t\t<div class=\"icon-box-text last-reset\">\n\t\t\t\t\t\t\t\t\t\n\n<h3>B\u01b0\u1edbc 2<\/h3>\n<p>D\u1ecdn d\u1eb9p r\u00e1c h\u1ec7 th\u1ed1ng, ch\u1ea1y ph\u1ea7n m\u1ec1m qu\u00e9t virus t\u1eebng m\u00e1y.<\/p>\n\n\n\t\t<\/div>\n\t<\/div>\n\t\n\t\n\n\t\t<\/div>\n\t\t\t\t\t<\/div>\n\n\t\n\n<\/div>\n\t<div id=\"gap-1535720075\" class=\"gap-element clearfix\" style=\"display:block; height:auto;\">\n\t\t\n<style>\n#gap-1535720075 {\n  padding-top: 30px;\n}\n<\/style>\n\t<\/div>\n\t\n\n<div class=\"row row-large\"  id=\"row-594880170\">\n\n\n\t<div id=\"col-58094476\" class=\"col medium-6 small-12 large-6\"  >\n\t\t\t\t<div class=\"col-inner\"  >\n\t\t\t\n\t\t\t\n\n\n\t\t<div class=\"icon-box featured-box icon-box-center text-center\"  >\n\t\t\t\t<div class=\"icon-box-text last-reset\">\n\t\t\t\t\t\t\t\t\t\n\n<h3>3 Th\u00e1ng<\/h3>\n<p>V\u1ec7 sinh b\u1ee5i b\u1eb1ng c\u00e1c thi\u1ebft b\u1ecb chuy\u00ean d\u1ee5ng, tra keo t\u1ea3n nhi\u1ec7t<\/p>\n\n\n\t\t<\/div>\n\t<\/div>\n\t\n\t\n\n\t\t<\/div>\n\t\t\t\t\t<\/div>\n\n\t\n\n\t<div id=\"col-390575212\" class=\"col medium-6 small-12 large-6\"  >\n\t\t\t\t<div class=\"col-inner\"  >\n\t\t\t\n\t\t\t\n\n\n\t\t<div class=\"icon-box featured-box icon-box-center text-center\"  >\n\t\t\t\t<div class=\"icon-box-text last-reset\">\n\t\t\t\t\t\t\t\t\t\n\n<h3>B\u01b0\u1edbc 3<\/h3>\n<p>Ki\u1ec3m tra l\u1ea1i l\u1ea7n cu\u1ed1i tr\u01b0\u1edbc khi b\u00e0n giao cho ng\u01b0\u1eddi d\u00f9ng.<\/p>\n\n\n\t\t<\/div>\n\t<\/div>\n\t\n\t\n\n\t\t<\/div>\n\t\t\t\t\t<\/div>\n\n\t\n\n<\/div>\n\n\t\t<\/div>\n\t\t\t\t\n<style>\n#col-93128873 > .col-inner {\n  padding: 40px 15% 30px 15%;\n}\n@media (min-width:550px) {\n  #col-93128873 > .col-inner {\n    padding: 60px 15% 60px 15%;\n  }\n}\n@media (min-width:850px) {\n  #col-93128873 > .col-inner {\n    padding: 0px 15% 0px 15%;\n  }\n}\n<\/style>\n\t<\/div>\n\n\t\n\n<\/div>\n\t<div id=\"gap-332458012\" class=\"gap-element clearfix\" style=\"display:block; height:auto;\">\n\t\t\n<style>\n#gap-332458012 {\n  padding-top: 30px;\n}\n<\/style>\n\t<\/div>\n\t\n\n\n\t<section class=\"section dark\" id=\"section_471919931\">\n\t\t<div class=\"section-bg fill\" >\n\t\t\t<img loading=\"lazy\" decoding=\"async\" width=\"2560\" height=\"1920\" src=\"https:\/\/ductinstore.com\/wp-content\/uploads\/2026\/04\/denny-bu-Jth4utoCVNo-unsplash-scaled.jpg\" class=\"bg attachment- size-\" alt=\"\" \/>\t\t\t\t\t\t\n\t\t\t\n\n\t\t<\/div>\n\n\t\t\n\n\t\t<div class=\"section-content relative\">\n\t\t\t\n\n<div class=\"row align-center\"  id=\"row-1306182489\">\n\n\n\t<div id=\"col-1071423967\" class=\"col medium-6 small-12 large-5\"  >\n\t\t\t\t<div class=\"col-inner text-center\"  >\n\t\t\t\n\t\t\t\n\n\t<div id=\"gap-486445020\" class=\"gap-element clearfix\" style=\"display:block; height:auto;\">\n\t\t\n<style>\n#gap-486445020 {\n  padding-top: 40px;\n}\n<\/style>\n\t<\/div>\n\t\n\n\t<div id=\"text-485815818\" class=\"text\">\n\t\t\n\n<h1>B\u1ea3o tr\u00ec h\u1ec7 th\u1ed1ng M\u1ea1ng<\/h1>\n\n\t\t\n<style>\n#text-485815818 {\n  font-size: 1.5rem;\n}\n<\/style>\n\t<\/div>\n\t\n<p>M\u1ea1ng Internet &#8211; N\u1ed9i b\u1ed9 <\/br>lu\u00f4n ho\u1ea1t \u0111\u1ed9ng t\u1ed1t nh\u1ea5t<\/p>\n\n\n\t\t<\/div>\n\t\t\t\t\t<\/div>\n\n\t\n\n<\/div>\n\n\t\t<\/div>\n\n\t\t\n<style>\n#section_471919931 {\n  padding-top: 30px;\n  padding-bottom: 30px;\n  min-height: 350px;\n}\n<\/style>\n\t<\/section>\n\t\n\n\t<section class=\"section\" id=\"section_2005263588\">\n\t\t<div class=\"section-bg fill\" >\n\t\t\t\t\t\t\t\t\t\n\t\t\t\n\n\t\t<\/div>\n\n\t\t\n\n\t\t<div class=\"section-content relative\">\n\t\t\t\n\n<div class=\"row row-large\"  id=\"row-959759994\">\n\n\n\t<div id=\"col-1475701117\" class=\"col medium-4 small-12 large-4\"  >\n\t\t\t\t<div class=\"col-inner\"  >\n\t\t\t\n\t\t\t\n\n\n\t\t<div class=\"icon-box featured-box icon-box-center text-center\"  >\n\t\t\t\t<div class=\"icon-box-text last-reset\">\n\t\t\t\t\t\t\t\t\t\n\n<h2>B\u01b0\u1edbc 1<\/h2>\n<p>Ki\u1ec3m tra to\u00e0n b\u1ed9 gi\u1eafc k\u1ebft n\u1ed1i, b\u0103ng th\u00f4ng k\u1ebft n\u1ed1i \u0111\u1ea3m b\u1ea3o b\u0103ng th\u00f4ng t\u1ed1i \u0111a c\u1ee7a h\u1ec7 th\u1ed1ng m\u1ea1ng.<\/p>\n<p>Ki\u1ec3m tra c\u00e1c thi\u1ebft b\u1ecb Switch, Modem, HUB, Server M\u1ea1ng.<\/p>\n\n\t\t<\/div>\n\t<\/div>\n\t\n\t\n\n\t\t<\/div>\n\t\t\t\t\t<\/div>\n\n\t\n\n\t<div id=\"col-561945186\" class=\"col medium-4 small-12 large-4\"  >\n\t\t\t\t<div class=\"col-inner\"  >\n\t\t\t\n\t\t\t\n\n\n\t\t<div class=\"icon-box featured-box icon-box-center text-center\"  >\n\t\t\t\t<div class=\"icon-box-text last-reset\">\n\t\t\t\t\t\t\t\t\t\n\n<h2>B\u01b0\u1edbc 2<\/h2>\n<p>X\u1eed l\u00fd nh\u1eefng \u0111i\u1ec3m ngh\u1ebdn, h\u01b0 h\u1ecfng gi\u1eafc k\u1ebft n\u1ed1i hay b\u0103ng th\u00f4ng ch\u01b0a \u0111\u1ea3m b\u1ea3o, tr\u00f9ng IP, l\u1ed7i DNS<\/p>\n<p>Thay th\u1ebf thi\u1ebft b\u1ecb m\u1ea1ng, \u0111i l\u1ea1i d\u00e2y, c\u1ea5u h\u00ecnh l\u1ea1i thi\u1ebft b\u1ecb, m\u00e1y t\u00ednh \u0111\u1ec3 \u0111\u1eb3m b\u1ea3o t\u01b0\u01a1ng th\u00edch nh\u1ea5t.<\/p>\n\n\n\t\t<\/div>\n\t<\/div>\n\t\n\t\n\n\t\t<\/div>\n\t\t\t\t\t<\/div>\n\n\t\n\n\t<div id=\"col-421334439\" class=\"col medium-4 small-12 large-4\"  >\n\t\t\t\t<div class=\"col-inner\"  >\n\t\t\t\n\t\t\t\n\n\n\t\t<div class=\"icon-box featured-box icon-box-center text-center\"  >\n\t\t\t\t<div class=\"icon-box-text last-reset\">\n\t\t\t\t\t\t\t\t\t\n\n<h2>B\u01b0\u1edbc 3<\/h2>\n<p>Ki\u1ec3m tra l\u1ea1i l\u1ea7n cu\u1ed1i c\u00e1c thi\u1ebft b\u1ecb , k\u1ebft n\u1ed1i tr\u01b0\u1edbc khi b\u00e0n giao.<\/p>\n\n\n\t\t<\/div>\n\t<\/div>\n\t\n\t\n\n\t\t<\/div>\n\t\t\t\t\t<\/div>\n\n\t\n\n<\/div>\n\n\t\t<\/div>\n\n\t\t\n<style>\n#section_2005263588 {\n  padding-top: 30px;\n  padding-bottom: 30px;\n}\n@media (min-width:550px) {\n  #section_2005263588 {\n    padding-top: 29px;\n    padding-bottom: 29px;\n  }\n}\n<\/style>\n\t<\/section>\n\t\n\n","protected":false},"excerpt":{"rendered":"","protected":false},"author":1,"featured_media":0,"parent":0,"menu_order":0,"comment_status":"closed","ping_status":"closed","template":"","meta":{"footnotes":""},"class_list":["post-467","page","type-page","status-publish","hentry"],"_links":{"self":[{"href":"https:\/\/ductinstore.com\/index.php?rest_route=\/wp\/v2\/pages\/467","targetHints":{"allow":["GET"]}}],"collection":[{"href":"https:\/\/ductinstore.com\/index.php?rest_route=\/wp\/v2\/pages"}],"about":[{"href":"https:\/\/ductinstore.com\/index.php?rest_route=\/wp\/v2\/types\/page"}],"author":[{"embeddable":true,"href":"https:\/\/ductinstore.com\/index.php?rest_route=\/wp\/v2\/users\/1"}],"replies":[{"embeddable":true,"href":"https:\/\/ductinstore.com\/index.php?rest_route=%2Fwp%2Fv2%2Fcomments&post=467"}],"version-history":[{"count":5,"href":"https:\/\/ductinstore.com\/index.php?rest_route=\/wp\/v2\/pages\/467\/revisions"}],"predecessor-version":[{"id":475,"href":"https:\/\/ductinstore.com\/index.php?rest_route=\/wp\/v2\/pages\/467\/revisions\/475"}],"wp:attachment":[{"href":"https:\/\/ductinstore.com\/index.php?rest_route=%2Fwp%2Fv2%2Fmedia&parent=467"}],"curies":[{"name":"wp","href":"https:\/\/api.w.org\/{rel}","templated":true}]}}