{"id":459,"date":"2026-04-11T18:36:25","date_gmt":"2026-04-11T11:36:25","guid":{"rendered":"https:\/\/ductinstore.com\/?page_id=459"},"modified":"2026-04-11T18:37:24","modified_gmt":"2026-04-11T11:37:24","slug":"gioi-thieu","status":"publish","type":"page","link":"https:\/\/ductinstore.com\/?page_id=459","title":{"rendered":"Gi\u1edbi Thi\u1ec7u"},"content":{"rendered":"\n\n\t<section class=\"section\" id=\"section_1518361818\">\n\t\t<div class=\"section-bg fill\" >\n\t\t\t\t\t\t\t\t\t\n\t\t\t\n\n\t\t<\/div>\n\n\t\t\n\n\t\t<div class=\"section-content relative\">\n\t\t\t\n\n<div class=\"row row-collapse row-full-width align-middle\"  id=\"row-1865591172\">\n\n\n\t<div id=\"col-681479493\" class=\"col medium-12 small-12 large-6\"  >\n\t\t\t\t<div class=\"col-inner\"  >\n\t\t\t\n\t\t\t\n\n<div class=\"row\"  id=\"row-1671463017\">\n\n\n\t<div id=\"col-801420860\" class=\"col medium-12 small-12 large-10\"  >\n\t\t\t\t<div class=\"col-inner\"  >\n\t\t\t\n\t\t\t\n\n\t<div id=\"text-2158594683\" class=\"text\">\n\t\t\n\n<h2>Gi\u1edbi thi\u1ec7u<\/h2>\n\n\t\t\n<style>\n#text-2158594683 {\n  font-size: 1.5rem;\n}\n<\/style>\n\t<\/div>\n\t\n\t<div id=\"text-950735129\" class=\"text\">\n\t\t\n\n<p>\u0110\u01b0\u1ee3c th\u00e0nh l\u1eadp t\u1eeb v\u00e0o 15 th\u00e1ng 03 n\u0103m 2022, ban \u0111\u1ea7u c\u00f4ng ty ch\u1ec9 cung c\u1ea5p d\u1ecbch v\u1ee5 b\u1ea3o tr\u00ec h\u1ec7 th\u1ed1ng m\u00e1y t\u00ednh, m\u1ea1ng Internet v\u00e0 ph\u1ea7n c\u1ee9ng cho doanh nghi\u1ec7p v\u00e0 c\u01a1 quan. Tuy nhi\u00ean v\u1edbi s\u1ef1 ph\u00e1t tri\u1ec3n kh\u00f4ng ng\u1eebng c\u1ee7a C\u00f4ng ngh\u1ec7 cung c\u1ea5p d\u1ecbch v\u1ee5 b\u1ea3o tr\u00ec l\u00e0 kh\u00f4ng \u0111\u1ee7 \u0111\u1ec3 \u0111\u1ed3ng h\u00e0nh c\u00f9ng Doanh nghi\u1ec7p. V\u00ec v\u1eady ch\u00fang t\u00f4i cung c\u1ea5p th\u00eam c\u00e1c gi\u1ea3i ph\u00e1p v\u1ec1 Chuy\u1ec3n \u0111\u1ed5i s\u1ed1, c\u0169ng nh\u01b0 T\u01b0 v\u1ea5n cho Doanh nghi\u1ec7p v\u1eeba v\u00e0 nh\u1ecf, c\u01a1 quan, \u0111\u01a1n v\u1ecb ph\u00e1t tri\u1ec3n b\u1ec1n v\u1eefng, b\u1ee9c ph\u00e1 m\u1ea1nh m\u1ebd, n\u00e2ng cao ch\u1ea5t l\u01b0\u1ee3ng d\u1ecbch v\u1ee5 kh\u00e1ch h\u00e0ng, hi\u1ec7u qu\u1ea3 t\u1ed1i \u01b0u chi ph\u00ed trong qu\u1ea3n l\u00fd.<\/p>\n\n\t\t\n<style>\n#text-950735129 {\n  text-align: left;\n}\n<\/style>\n\t<\/div>\n\t\n<div class=\"is-divider divider clearfix\" style=\"margin-top:1.5em;margin-bottom:1.5em;max-width:150px;background-color:rgb(194, 220, 230);\"><\/div>\n\n<div class=\"row row-small\"  id=\"row-714504830\">\n\n\n\t<div id=\"col-1837411174\" class=\"col medium-6 small-12 large-6\"  >\n\t\t\t\t<div class=\"col-inner\"  >\n\t\t\t\n\t\t\t\n\n\n\t\t<div class=\"icon-box featured-box icon-box-top text-left\"  >\n\t\t\t\t\t<div class=\"icon-box-img\" style=\"width: 40px\">\n\t\t\t\t<div class=\"icon\">\n\t\t\t\t\t<div class=\"icon-inner\" >\n\t\t\t\t\t\t<img loading=\"lazy\" decoding=\"async\" width=\"96\" height=\"96\" src=\"https:\/\/ductinstore.com\/wp-content\/uploads\/2026\/04\/group-line-1.png\" class=\"attachment-medium size-medium\" alt=\"\" \/>\t\t\t\t\t<\/div>\n\t\t\t\t<\/div>\n\t\t\t<\/div>\n\t\t\t\t<div class=\"icon-box-text last-reset\">\n\t\t\t\t\t\t\t\t\t\n\n<h3>\u0110\u1ed9i ng\u0169<\/h3>\n<p>Kh\u00f4ng ng\u1eebng ph\u00e1t tri\u1ec3n, b\u1ed5 sung th\u00eam nhi\u1ec1u gi\u1ea3i ph\u00e1p gi\u00fap Doanh nghi\u1ec7p, \u0111\u01a1n v\u1ecb, c\u01a1 quan ph\u00e1t tri\u1ec3n.<\/p>\n\n\n\t\t<\/div>\n\t<\/div>\n\t\n\t\n\n\t\t<\/div>\n\t\t\t\t\t<\/div>\n\n\t\n\n\t<div id=\"col-1808385433\" class=\"col medium-6 small-12 large-6\"  >\n\t\t\t\t<div class=\"col-inner\"  >\n\t\t\t\n\t\t\t\n\n\n\t\t<div class=\"icon-box featured-box icon-box-top text-left\"  >\n\t\t\t\t\t<div class=\"icon-box-img\" style=\"width: 40px\">\n\t\t\t\t<div class=\"icon\">\n\t\t\t\t\t<div class=\"icon-inner\" >\n\t\t\t\t\t\t<img loading=\"lazy\" decoding=\"async\" width=\"120\" height=\"120\" src=\"https:\/\/ductinstore.com\/wp-content\/uploads\/2026\/04\/stack-line-1.png\" class=\"attachment-medium size-medium\" alt=\"\" srcset=\"https:\/\/ductinstore.com\/wp-content\/uploads\/2026\/04\/stack-line-1.png 120w, https:\/\/ductinstore.com\/wp-content\/uploads\/2026\/04\/stack-line-1-100x100.png 100w\" sizes=\"auto, (max-width: 120px) 100vw, 120px\" \/>\t\t\t\t\t<\/div>\n\t\t\t\t<\/div>\n\t\t\t<\/div>\n\t\t\t\t<div class=\"icon-box-text last-reset\">\n\t\t\t\t\t\t\t\t\t\n\n<h3>\u0110\u1ecbnh h\u01b0\u1edbng<\/h3>\n<p>Cung c\u1ea5p to\u00e0n di\u1ec7n c\u00e1c gi\u1ea3i ph\u00e1p, c\u00f4ng ngh\u1ec7, ph\u00e1t tri\u1ec3n b\u1ec1n v\u1eefng c\u00f9ng \u0111\u1ed1i t\u00e1c. <\/p>\n\n\n\t\t<\/div>\n\t<\/div>\n\t\n\t\n\n\t\t<\/div>\n\t\t\t\t\t<\/div>\n\n\t\n\n<\/div>\n\n\t\t<\/div>\n\t\t\t\t\t<\/div>\n\n\t\n\n<\/div>\n\n\t\t<\/div>\n\t\t\t\t\n<style>\n#col-681479493 > .col-inner {\n  padding: 30px 30px 30px 30px;\n}\n@media (min-width:850px) {\n  #col-681479493 > .col-inner {\n    padding: 0px 0px 0px 15%;\n  }\n}\n<\/style>\n\t<\/div>\n\n\t\n\n\t<div id=\"col-604870796\" class=\"col medium-12 small-12 large-6 medium-col-first\"  >\n\t\t\t\t<div class=\"col-inner\"  >\n\t\t\t\n\t\t\t\n\n\t<div class=\"img has-hover x md-x lg-x y md-y lg-y\" id=\"image_1939506720\">\n\t\t\t\t\t\t\t\t<div class=\"img-inner dark\" >\n\t\t\t<img loading=\"lazy\" decoding=\"async\" width=\"1020\" height=\"134\" src=\"https:\/\/ductinstore.com\/wp-content\/uploads\/2026\/04\/Logo-1-1024x135.png\" class=\"attachment-large size-large\" alt=\"\" srcset=\"https:\/\/ductinstore.com\/wp-content\/uploads\/2026\/04\/Logo-1-1024x135.png 1024w, https:\/\/ductinstore.com\/wp-content\/uploads\/2026\/04\/Logo-1-300x40.png 300w, https:\/\/ductinstore.com\/wp-content\/uploads\/2026\/04\/Logo-1-768x101.png 768w, https:\/\/ductinstore.com\/wp-content\/uploads\/2026\/04\/Logo-1-1536x203.png 1536w, https:\/\/ductinstore.com\/wp-content\/uploads\/2026\/04\/Logo-1-2048x270.png 2048w, https:\/\/ductinstore.com\/wp-content\/uploads\/2026\/04\/Logo-1-600x79.png 600w\" sizes=\"auto, (max-width: 1020px) 100vw, 1020px\" \/>\t\t\t\t\t\t\n\t\t\t\t\t<\/div>\n\t\t\t\t\t\t\t\t\n<style>\n#image_1939506720 {\n  width: 100%;\n}\n<\/style>\n\t<\/div>\n\t\n\n<h2>Technology and Solution<\/h2>\n\n\n\t\t<\/div>\n\t\t\t\t\t<\/div>\n\n\t\n\n<\/div>\n\n\t\t<\/div>\n\n\t\t\n<style>\n#section_1518361818 {\n  padding-top: 0px;\n  padding-bottom: 0px;\n}\n<\/style>\n\t<\/section>\n\t\n\n","protected":false},"excerpt":{"rendered":"","protected":false},"author":1,"featured_media":0,"parent":0,"menu_order":0,"comment_status":"closed","ping_status":"closed","template":"","meta":{"footnotes":""},"class_list":["post-459","page","type-page","status-publish","hentry"],"_links":{"self":[{"href":"https:\/\/ductinstore.com\/index.php?rest_route=\/wp\/v2\/pages\/459","targetHints":{"allow":["GET"]}}],"collection":[{"href":"https:\/\/ductinstore.com\/index.php?rest_route=\/wp\/v2\/pages"}],"about":[{"href":"https:\/\/ductinstore.com\/index.php?rest_route=\/wp\/v2\/types\/page"}],"author":[{"embeddable":true,"href":"https:\/\/ductinstore.com\/index.php?rest_route=\/wp\/v2\/users\/1"}],"replies":[{"embeddable":true,"href":"https:\/\/ductinstore.com\/index.php?rest_route=%2Fwp%2Fv2%2Fcomments&post=459"}],"version-history":[{"count":3,"href":"https:\/\/ductinstore.com\/index.php?rest_route=\/wp\/v2\/pages\/459\/revisions"}],"predecessor-version":[{"id":465,"href":"https:\/\/ductinstore.com\/index.php?rest_route=\/wp\/v2\/pages\/459\/revisions\/465"}],"wp:attachment":[{"href":"https:\/\/ductinstore.com\/index.php?rest_route=%2Fwp%2Fv2%2Fmedia&parent=459"}],"curies":[{"name":"wp","href":"https:\/\/api.w.org\/{rel}","templated":true}]}}