{"id":419,"date":"2026-04-11T12:22:28","date_gmt":"2026-04-11T05:22:28","guid":{"rendered":"https:\/\/ductinstore.com\/?page_id=419"},"modified":"2026-04-11T17:44:46","modified_gmt":"2026-04-11T10:44:46","slug":"lien-he","status":"publish","type":"page","link":"https:\/\/ductinstore.com\/?page_id=419","title":{"rendered":"Li\u00ean H\u1ec7"},"content":{"rendered":"\n<div class=\"row row-collapse row-full-width\"  id=\"row-1388680965\">\n\n\n\t<div id=\"col-1700391145\" class=\"col small-12 large-12\"  >\n\t\t\t\t<div class=\"col-inner\"  >\n\t\t\t\n\t\t\t\n\n\n\t<section class=\"section\" id=\"section_409243115\">\n\t\t<div class=\"section-bg fill\" >\n\t\t\t<img loading=\"lazy\" decoding=\"async\" width=\"1536\" height=\"2048\" src=\"https:\/\/ductinstore.com\/wp-content\/uploads\/2026\/01\/471540604_1349259153100230_1169190149887338762_n.jpg\" class=\"bg attachment- size-\" alt=\"\" \/>\t\t\t\t\t\t<div class=\"section-bg-overlay absolute fill\"><\/div>\n\t\t\t\n\n\t\t<\/div>\n\n\t\t\n\n\t\t<div class=\"section-content relative\">\n\t\t\t\n\n<div class=\"row row-collapse align-center\" style=\"max-width:\" id=\"row-69195470\">\n\n\n\t<div id=\"col-874465524\" class=\"col small-12 large-12\"  >\n\t\t\t\t<div class=\"col-inner text-center dark\"  >\n\t\t\t\n\t\t\t\n\n<h1><span style=\"font-size: 250%;\">Li\u00ean H\u1ec7 V\u1edbi Ch\u00fang T\u00f4i<\/span><\/h1>\n<p class=\"lead\"><span style=\"font-size: 120%;\">G\u1eedi th\u00f4ng tin qua Form<\/span><\/p>\n\n\t\t<\/div>\n\t\t\t\t\n<style>\n#col-874465524 > .col-inner {\n  padding: 100px 20px 200px 0px;\n}\n@media (min-width:550px) {\n  #col-874465524 > .col-inner {\n    padding: 100px 0px 200px 0px;\n  }\n}\n<\/style>\n\t<\/div>\n\n\t\n\n<\/div>\n\n\t\t<\/div>\n\n\t\t\n<style>\n#section_409243115 {\n  padding-top: 0px;\n  padding-bottom: 0px;\n  min-height: 0px;\n}\n#section_409243115 .section-bg-overlay {\n  background-color: rgba(0, 0, 0, 0.12);\n}\n#section_409243115 .section-bg img {\n  object-position: 55% 100%;\n}\n@media (min-width:550px) {\n  #section_409243115 {\n    padding-top: 0px;\n    padding-bottom: 0px;\n  }\n  #section_409243115 .section-bg-overlay {\n    background-color: rgba(0, 0, 0, 0.21);\n  }\n}\n@media (min-width:850px) {\n  #section_409243115 {\n    padding-top: 100px;\n    padding-bottom: 100px;\n  }\n  #section_409243115 .section-bg-overlay {\n    background-color: rgba(0, 0, 0, 0.12);\n  }\n}\n<\/style>\n\t<\/section>\n\t\n\n\t\t<\/div>\n\t\t\t\t\n<style>\n#col-1700391145 > .col-inner {\n  padding: 0px 30px 0px 30px;\n}\n<\/style>\n\t<\/div>\n\n\t\n\n<\/div>\n<div class=\"row row-large\" style=\"max-width:1400px\" id=\"row-485961385\">\n\n\n\t<div id=\"col-378386282\" class=\"col small-12 large-12\"  >\n\t\t\t\t<div class=\"col-inner\" style=\"background-color:rgb(255, 255, 255);\" >\n\t\t\t\n\t\t\t\n\n<div class=\"row row-collapse row-full-width\"  id=\"row-1611292001\">\n\n\n\t<div id=\"col-1251825261\" class=\"col medium-12 small-12 large-6\"  >\n\t\t\t\t<div class=\"col-inner\"  >\n\t\t\t\n\t\t\t\n\n<h2><span style=\"font-size: 120%;\">Li\u00ean h\u1ec7<\/span><\/h2>\n<p>Li\u00ean h\u1ec7 v\u1edbi ch\u00fang t\u00f4i qua \u0110\u1ecba ch\u1ec9 &#8211; S\u1ed1 \u0111i\u1ec7n tho\u1ea1i hay qua Form th\u00f4ng tin nh\u00e9.\u00a0<\/p>\n\t<div id=\"gap-1511608908\" class=\"gap-element clearfix\" style=\"display:block; height:auto;\">\n\t\t\n<style>\n#gap-1511608908 {\n  padding-top: 20px;\n}\n@media (min-width:550px) {\n  #gap-1511608908 {\n    padding-top: 20px;\n  }\n}\n@media (min-width:850px) {\n  #gap-1511608908 {\n    padding-top: 30px;\n  }\n}\n<\/style>\n\t<\/div>\n\t\n\n<div class=\"row\"  id=\"row-1231330719\">\n\n\n\t<div id=\"col-1422292602\" class=\"col medium-6 small-12 large-6\"  >\n\t\t\t\t<div class=\"col-inner\"  >\n\t\t\t\n\t\t\t\n\n\t<div class=\"img has-hover x md-x lg-x y md-y lg-y\" id=\"image_1741463755\">\n\t\t\t\t\t\t\t\t<div class=\"img-inner dark\" >\n\t\t\t<img loading=\"lazy\" decoding=\"async\" width=\"512\" height=\"512\" src=\"https:\/\/ductinstore.com\/wp-content\/uploads\/2026\/04\/map.png\" class=\"attachment-original size-original\" alt=\"\" srcset=\"https:\/\/ductinstore.com\/wp-content\/uploads\/2026\/04\/map.png 512w, https:\/\/ductinstore.com\/wp-content\/uploads\/2026\/04\/map-300x300.png 300w, https:\/\/ductinstore.com\/wp-content\/uploads\/2026\/04\/map-150x150.png 150w, https:\/\/ductinstore.com\/wp-content\/uploads\/2026\/04\/map-100x100.png 100w\" sizes=\"auto, (max-width: 512px) 100vw, 512px\" \/>\t\t\t\t\t\t\n\t\t\t\t\t<\/div>\n\t\t\t\t\t\t\t\t\n<style>\n#image_1741463755 {\n  width: 15%;\n}\n@media (min-width:550px) {\n  #image_1741463755 {\n    width: 50%;\n  }\n}\n<\/style>\n\t<\/div>\n\t\n\n<h3 class=\"uppercase\">\u0110\u1ecba ch\u1ec9<\/h3>\n<p>567\/33 L\u00ea V\u0103n Kh\u01b0\u01a1ng<br \/>Ph\u01b0\u1eddng T\u00e2n Th\u1edbi Hi\u1ec7p <br \/>Th\u00e0nh ph\u1ed1 H\u1ed3 Ch\u00ed Minh<\/p>\n\n\t\t<\/div>\n\t\t\t\t\t<\/div>\n\n\t\n\n\t<div id=\"col-1204659790\" class=\"col medium-5 small-12 large-6\"  >\n\t\t\t\t<div class=\"col-inner\"  >\n\t\t\t\n\t\t\t\n\n\t<div class=\"img has-hover x md-x lg-x y md-y lg-y\" id=\"image_1684643128\">\n\t\t\t\t\t\t\t\t<div class=\"img-inner dark\" >\n\t\t\t<img loading=\"lazy\" decoding=\"async\" width=\"512\" height=\"512\" src=\"https:\/\/ductinstore.com\/wp-content\/uploads\/2026\/04\/open.png\" class=\"attachment-large size-large\" alt=\"\" srcset=\"https:\/\/ductinstore.com\/wp-content\/uploads\/2026\/04\/open.png 512w, https:\/\/ductinstore.com\/wp-content\/uploads\/2026\/04\/open-300x300.png 300w, https:\/\/ductinstore.com\/wp-content\/uploads\/2026\/04\/open-150x150.png 150w, https:\/\/ductinstore.com\/wp-content\/uploads\/2026\/04\/open-100x100.png 100w\" sizes=\"auto, (max-width: 512px) 100vw, 512px\" \/>\t\t\t\t\t\t\n\t\t\t\t\t<\/div>\n\t\t\t\t\t\t\t\t\n<style>\n#image_1684643128 {\n  width: 15%;\n}\n@media (min-width:550px) {\n  #image_1684643128 {\n    width: 50%;\n  }\n}\n<\/style>\n\t<\/div>\n\t\n\n<h3 class=\"uppercase\">Gi\u1edd m\u1edf c\u1eeda<\/h3>\n<p>T2 \u0111\u1ebfn T7: 08am &#8211; 06pm<br \/>Th\u1ee9 7: 08am &#8211; 12pm<br \/>Ch\u1ee7 Nh\u1eadt: ngh\u1ec9<\/p>\n\n\t\t<\/div>\n\t\t\t\t\t<\/div>\n\n\t\n\n<\/div>\n<div class=\"row\"  id=\"row-282477037\">\n\n\n\t<div id=\"col-783899043\" class=\"col medium-6 small-12 large-6\"  >\n\t\t\t\t<div class=\"col-inner\"  >\n\t\t\t\n\t\t\t\n\n\t<div class=\"img has-hover x md-x lg-x y md-y lg-y\" id=\"image_1468004899\">\n\t\t\t\t\t\t\t\t<div class=\"img-inner dark\" >\n\t\t\t<img loading=\"lazy\" decoding=\"async\" width=\"512\" height=\"512\" src=\"https:\/\/ductinstore.com\/wp-content\/uploads\/2026\/04\/email.png\" class=\"attachment-large size-large\" alt=\"\" srcset=\"https:\/\/ductinstore.com\/wp-content\/uploads\/2026\/04\/email.png 512w, https:\/\/ductinstore.com\/wp-content\/uploads\/2026\/04\/email-300x300.png 300w, https:\/\/ductinstore.com\/wp-content\/uploads\/2026\/04\/email-150x150.png 150w, https:\/\/ductinstore.com\/wp-content\/uploads\/2026\/04\/email-100x100.png 100w\" sizes=\"auto, (max-width: 512px) 100vw, 512px\" \/>\t\t\t\t\t\t\n\t\t\t\t\t<\/div>\n\t\t\t\t\t\t\t\t\n<style>\n#image_1468004899 {\n  width: 15%;\n}\n@media (min-width:550px) {\n  #image_1468004899 {\n    width: 50%;\n  }\n}\n<\/style>\n\t<\/div>\n\t\n\n<h3 class=\"uppercase\">E-mail<\/h3>\n<p>ductinstore@gmail.com<\/p>\n\n\t\t<\/div>\n\t\t\t\t\t<\/div>\n\n\t\n\n\t<div id=\"col-654475291\" class=\"col medium-6 small-12 large-6\"  >\n\t\t\t\t<div class=\"col-inner\"  >\n\t\t\t\n\t\t\t\n\n\t<div class=\"img has-hover x md-x lg-x y md-y lg-y\" id=\"image_966024726\">\n\t\t\t\t\t\t\t\t<div class=\"img-inner dark\" >\n\t\t\t<img loading=\"lazy\" decoding=\"async\" width=\"512\" height=\"512\" src=\"https:\/\/ductinstore.com\/wp-content\/uploads\/2026\/04\/apple.png\" class=\"attachment-large size-large\" alt=\"\" srcset=\"https:\/\/ductinstore.com\/wp-content\/uploads\/2026\/04\/apple.png 512w, https:\/\/ductinstore.com\/wp-content\/uploads\/2026\/04\/apple-300x300.png 300w, https:\/\/ductinstore.com\/wp-content\/uploads\/2026\/04\/apple-150x150.png 150w, https:\/\/ductinstore.com\/wp-content\/uploads\/2026\/04\/apple-100x100.png 100w\" sizes=\"auto, (max-width: 512px) 100vw, 512px\" \/>\t\t\t\t\t\t\n\t\t\t\t\t<\/div>\n\t\t\t\t\t\t\t\t\n<style>\n#image_966024726 {\n  width: 15%;\n}\n@media (min-width:550px) {\n  #image_966024726 {\n    width: 50%;\n  }\n}\n<\/style>\n\t<\/div>\n\t\n\n<h3 class=\"uppercase\">\u0111i\u1ec7n tho\u1ea1i<\/h3>\n<p>0987.151.699<\/p>\n\n\t\t<\/div>\n\t\t\t\t\t<\/div>\n\n\t\n\n<\/div>\n\n\t\t<\/div>\n\t\t\t\t\n<style>\n#col-1251825261 > .col-inner {\n  padding: 0px 0px 0px 20px;\n}\n<\/style>\n\t<\/div>\n\n\t\n\n\t<div id=\"col-368934496\" class=\"col medium-12 small-12 large-6\"  >\n\t\t\t\t<div class=\"col-inner\"  >\n\t\t\t\n\t\t\t\n\n\n\n<iframe loading=\"lazy\" src=\"https:\/\/docs.google.com\/forms\/d\/e\/1FAIpQLSezwm5t4a9S5qbqxI3iOFLXQFGxfBspJlBXwZ_y_cXK_fv6mQ\/viewform?embedded=true\" width=\"640\" height=\"869\" frameborder=\"0\" marginheight=\"0\" marginwidth=\"0\">\u0110ang t\u1ea3i\u2026<\/iframe>\n\n\t<div id=\"gap-1971913203\" class=\"gap-element clearfix\" style=\"display:block; height:auto;\">\n\t\t\n<style>\n#gap-1971913203 {\n  padding-top: 20px;\n}\n@media (min-width:550px) {\n  #gap-1971913203 {\n    padding-top: 20px;\n  }\n}\n@media (min-width:850px) {\n  #gap-1971913203 {\n    padding-top: 30px;\n  }\n}\n<\/style>\n\t<\/div>\n\t\n\n\n\t\t<\/div>\n\t\t\t\t\t<\/div>\n\n\t\n\n\n<style>\n#row-1611292001 > .col > .col-inner {\n  padding: 0px 15px 0px 15px;\n}\n<\/style>\n<\/div>\n\n\t\t<\/div>\n\t\t\t\t\n<style>\n#col-378386282 > .col-inner {\n  padding: 50px 20px 0px 20px;\n  margin: -0 0px 0px 0px;\n}\n@media (min-width:550px) {\n  #col-378386282 > .col-inner {\n    padding: 50px 20px 30px 20px;\n    margin: 0 0px 0px 0px;\n  }\n}\n@media (min-width:850px) {\n  #col-378386282 > .col-inner {\n    padding: 66px 5% 16px 5%;\n    margin: -135px 0px 0px 0px;\n  }\n}\n<\/style>\n\t<\/div>\n\n\t\n\n<\/div>\n<div class=\"row row-collapse row-full-width\"  id=\"row-1834282188\">\n\n\n\t<div id=\"col-2137156820\" class=\"col small-12 large-12\"  >\n\t\t\t\t<div class=\"col-inner\"  >\n\t\t\t\n\t\t\t\n\n\n\n<iframe src=\"https:\/\/www.google.com\/maps\/embed?pb=!1m18!1m12!1m3!1d3917.969052398842!2d106.63886107587707!3d10.889956457087667!2m3!1f0!2f0!3f0!3m2!1i1024!2i768!4f13.1!3m3!1m2!1s0x3174d61aae50d9f5%3A0xe843a5d75f2a87c!2zNTY3IEzDqiBWxINuIEtoxrDGoW5nLCBraHUgcGhvIDcsIFTDom4gVGjhu5tpIEhp4buHcCwgSOG7kyBDaMOtIE1pbmgsIFZp4buHdCBOYW0!5e0!3m2!1svi!2s!4v1775889884086!5m2!1svi!2s\" width=\"1000\" height=\"450\" style=\"border:0;\" allowfullscreen=\"\" loading=\"lazy\" referrerpolicy=\"no-referrer-when-downgrade\"><\/iframe>\n\n\n\t\t<\/div>\n\t\t\t\t\n<style>\n#col-2137156820 > .col-inner {\n  padding: 0px 30px 0px 30px;\n}\n<\/style>\n\t<\/div>\n\n\t\n\n<\/div>\n\n","protected":false},"excerpt":{"rendered":"","protected":false},"author":1,"featured_media":0,"parent":0,"menu_order":0,"comment_status":"closed","ping_status":"closed","template":"","meta":{"footnotes":""},"class_list":["post-419","page","type-page","status-publish","hentry"],"_links":{"self":[{"href":"https:\/\/ductinstore.com\/index.php?rest_route=\/wp\/v2\/pages\/419","targetHints":{"allow":["GET"]}}],"collection":[{"href":"https:\/\/ductinstore.com\/index.php?rest_route=\/wp\/v2\/pages"}],"about":[{"href":"https:\/\/ductinstore.com\/index.php?rest_route=\/wp\/v2\/types\/page"}],"author":[{"embeddable":true,"href":"https:\/\/ductinstore.com\/index.php?rest_route=\/wp\/v2\/users\/1"}],"replies":[{"embeddable":true,"href":"https:\/\/ductinstore.com\/index.php?rest_route=%2Fwp%2Fv2%2Fcomments&post=419"}],"version-history":[{"count":8,"href":"https:\/\/ductinstore.com\/index.php?rest_route=\/wp\/v2\/pages\/419\/revisions"}],"predecessor-version":[{"id":434,"href":"https:\/\/ductinstore.com\/index.php?rest_route=\/wp\/v2\/pages\/419\/revisions\/434"}],"wp:attachment":[{"href":"https:\/\/ductinstore.com\/index.php?rest_route=%2Fwp%2Fv2%2Fmedia&parent=419"}],"curies":[{"name":"wp","href":"https:\/\/api.w.org\/{rel}","templated":true}]}}